{"id":207,"date":"2021-06-03T16:54:51","date_gmt":"2021-06-03T14:54:51","guid":{"rendered":"https:\/\/malavidabordeaux.fr\/index.php\/reserver\/"},"modified":"2025-10-07T14:38:46","modified_gmt":"2025-10-07T12:38:46","slug":"reserver","status":"publish","type":"page","link":"https:\/\/malavidabordeaux.fr\/index.php\/reserver\/","title":{"rendered":"R\u00e9server"},"content":{"rendered":"\t\t<div data-elementor-type=\"wp-page\" data-elementor-id=\"207\" class=\"elementor elementor-207\">\n\t\t\t\t\t\t<section class=\"elementor-section elementor-top-section elementor-element elementor-element-22d2de07 elementor-section-boxed elementor-section-height-default elementor-section-height-default\" data-id=\"22d2de07\" data-element_type=\"section\">\n\t\t\t\t\t\t<div class=\"elementor-container elementor-column-gap-default\">\n\t\t\t\t\t<div class=\"elementor-column elementor-col-100 elementor-top-column elementor-element elementor-element-3d3a408a\" data-id=\"3d3a408a\" data-element_type=\"column\">\n\t\t\t<div class=\"elementor-widget-wrap elementor-element-populated\">\n\t\t\t\t\t\t<div class=\"elementor-element elementor-element-364dad9b elementor-widget elementor-widget-text-editor\" data-id=\"364dad9b\" data-element_type=\"widget\" data-widget_type=\"text-editor.default\">\n\t\t\t\t<div class=\"elementor-widget-container\">\n\t\t\t\t\t\t\t\t\t<p><\/p>\n<p>Les r\u00e9servations en ligne sont ouvertes \u00e0 partir de 2 personnes et jusqu&rsquo;\u00e0 10 personnes, maximum 2 semaines \u00e0 l&rsquo;avance et minimum 24h avant le jour.<\/p>\n<p><\/p>\n<p><\/p>\n<p><strong>HORAIRES : <\/strong>Du mardi au samedi.<\/p>\n<p><\/p>\n<p><\/p>\n<p>Le bar ouvre \u00e0 partir de 17h et la cuisine \u00e0 19H.<\/p>\n<p><\/p>\n<p><\/p>\n<p>Nous proposons un premier service \u00e0 19h15 et un second \u00e0 21h15. Pour toute demande d&rsquo;horaires diff\u00e9rents,\u00a0 il est possible de r\u00e9server via la bouton ci-dessous ou de nous appeler directement au 09 74 64 00 49.<br \/><br \/>Nous sommes ravis \u00e0 Malavida de vous accueillir pour vos diners, anniversaires, afterworks ou \u00e9v\u00e9nements d&rsquo;entreprise. Il est \u00e9galement possible de privatiser l&rsquo;ensemble du lieux.<\/p>\n<figure class=\"wp-block-gallery has-nested-images columns-default is-cropped\">\n<p><\/p>\n<\/figure>\n<p><!-- \/wp:gallery --><\/p>\n<p><!-- wp:paragraph --><\/p>\n<p>\u00a0<\/p>\n<p><!-- \/wp:paragraph --><\/p>\t\t\t\t\t\t\t\t<\/div>\n\t\t\t\t<\/div>\n\t\t\t\t<div class=\"elementor-element elementor-element-05ca548 elementor-align-center elementor-widget elementor-widget-button\" data-id=\"05ca548\" data-element_type=\"widget\" data-widget_type=\"button.default\">\n\t\t\t\t<div class=\"elementor-widget-container\">\n\t\t\t\t\t\t\t\t\t<div class=\"elementor-button-wrapper\">\n\t\t\t\t\t<a class=\"elementor-button elementor-button-link elementor-size-sm\" href=\"https:\/\/prvt.re\/6sJ6ZD\" target=\"_blank\">\n\t\t\t\t\t\t<span class=\"elementor-button-content-wrapper\">\n\t\t\t\t\t\t\t\t\t<span class=\"elementor-button-text\">R\u00e9servation<\/span>\n\t\t\t\t\t<\/span>\n\t\t\t\t\t<\/a>\n\t\t\t\t<\/div>\n\t\t\t\t\t\t\t\t<\/div>\n\t\t\t\t<\/div>\n\t\t\t\t<div class=\"elementor-element elementor-element-c533ff5 elementor-widget elementor-widget-image\" data-id=\"c533ff5\" data-element_type=\"widget\" data-widget_type=\"image.default\">\n\t\t\t\t<div class=\"elementor-widget-container\">\n\t\t\t\t\t\t\t\t\t\t\t\t\t\t\t<img fetchpriority=\"high\" decoding=\"async\" width=\"730\" height=\"365\" src=\"https:\/\/malavidabordeaux.fr\/wp-content\/uploads\/2025\/10\/492976-1024x512.jpg\" class=\"attachment-large size-large wp-image-4713\" alt=\"\" srcset=\"https:\/\/malavidabordeaux.fr\/wp-content\/uploads\/2025\/10\/492976-1024x512.jpg 1024w, https:\/\/malavidabordeaux.fr\/wp-content\/uploads\/2025\/10\/492976-300x150.jpg 300w, https:\/\/malavidabordeaux.fr\/wp-content\/uploads\/2025\/10\/492976-768x384.jpg 768w, https:\/\/malavidabordeaux.fr\/wp-content\/uploads\/2025\/10\/492976-200x100.jpg 200w, https:\/\/malavidabordeaux.fr\/wp-content\/uploads\/2025\/10\/492976.jpg 1500w\" sizes=\"(max-width: 730px) 100vw, 730px\" \/>\t\t\t\t\t\t\t\t\t\t\t\t\t\t\t<\/div>\n\t\t\t\t<\/div>\n\t\t\t\t\t<\/div>\n\t\t<\/div>\n\t\t\t\t\t<\/div>\n\t\t<\/section>\n\t\t\t\t<\/div>\n\t\t","protected":false},"excerpt":{"rendered":"<p>Les r\u00e9servations en ligne sont ouvertes \u00e0 partir de 2 personnes et jusqu&rsquo;\u00e0 10 personnes, maximum 2 semaines \u00e0 l&rsquo;avance et minimum 24h avant le jour. HORAIRES : Du mardi au samedi. Le bar ouvre \u00e0 partir de 17h et&#8230; <\/p>\n<div class=\"readmore-section\"><a class=\"readmore-btn\" href=\"https:\/\/malavidabordeaux.fr\/index.php\/reserver\/\">Continue reading <i class=\"fa fa-arrow-right\"><\/i><\/a><\/div>\n","protected":false},"author":1,"featured_media":0,"parent":0,"menu_order":0,"comment_status":"closed","ping_status":"closed","template":"","meta":{"footnotes":""},"class_list":["post-207","page","type-page","status-publish","hentry"],"yoast_head":"<!-- This site is optimized with the Yoast SEO plugin v27.5 - https:\/\/yoast.com\/product\/yoast-seo-wordpress\/ -->\n<title>R\u00e9server - Malavida Cocina y Cocteles - Bordeaux<\/title>\n<meta name=\"robots\" content=\"index, follow, max-snippet:-1, max-image-preview:large, max-video-preview:-1\" \/>\n<link rel=\"canonical\" href=\"https:\/\/malavidabordeaux.fr\/index.php\/reserver\/\" \/>\n<meta property=\"og:locale\" content=\"fr_FR\" \/>\n<meta property=\"og:type\" content=\"article\" \/>\n<meta property=\"og:title\" content=\"R\u00e9server - Malavida Cocina y Cocteles - Bordeaux\" \/>\n<meta property=\"og:description\" content=\"Les r\u00e9servations en ligne sont ouvertes \u00e0 partir de 2 personnes et jusqu&rsquo;\u00e0 10 personnes, maximum 2 semaines \u00e0 l&rsquo;avance et minimum 24h avant le jour. HORAIRES : Du mardi au samedi. Le bar ouvre \u00e0 partir de 17h et... Continue reading\" \/>\n<meta property=\"og:url\" content=\"https:\/\/malavidabordeaux.fr\/index.php\/reserver\/\" \/>\n<meta property=\"og:site_name\" content=\"Malavida Cocina y Cocteles - Bordeaux\" \/>\n<meta property=\"article:publisher\" content=\"https:\/\/www.facebook.com\/malavidabordeaux\" \/>\n<meta property=\"article:modified_time\" content=\"2025-10-07T12:38:46+00:00\" \/>\n<meta property=\"og:image\" content=\"https:\/\/malavidabordeaux.fr\/wp-content\/uploads\/2025\/10\/492976-1024x512.jpg\" \/>\n<meta name=\"twitter:card\" content=\"summary_large_image\" \/>\n<meta name=\"twitter:label1\" content=\"Dur\u00e9e de lecture estim\u00e9e\" \/>\n\t<meta name=\"twitter:data1\" content=\"1 minute\" \/>\n<script type=\"application\/ld+json\" class=\"yoast-schema-graph\">{\"@context\":\"https:\\\/\\\/schema.org\",\"@graph\":[{\"@type\":\"WebPage\",\"@id\":\"https:\\\/\\\/malavidabordeaux.fr\\\/index.php\\\/reserver\\\/\",\"url\":\"https:\\\/\\\/malavidabordeaux.fr\\\/index.php\\\/reserver\\\/\",\"name\":\"R\u00e9server - Malavida Cocina y Cocteles - Bordeaux\",\"isPartOf\":{\"@id\":\"https:\\\/\\\/malavidabordeaux.fr\\\/#website\"},\"primaryImageOfPage\":{\"@id\":\"https:\\\/\\\/malavidabordeaux.fr\\\/index.php\\\/reserver\\\/#primaryimage\"},\"image\":{\"@id\":\"https:\\\/\\\/malavidabordeaux.fr\\\/index.php\\\/reserver\\\/#primaryimage\"},\"thumbnailUrl\":\"https:\\\/\\\/malavidabordeaux.fr\\\/wp-content\\\/uploads\\\/2025\\\/10\\\/492976-1024x512.jpg\",\"datePublished\":\"2021-06-03T14:54:51+00:00\",\"dateModified\":\"2025-10-07T12:38:46+00:00\",\"breadcrumb\":{\"@id\":\"https:\\\/\\\/malavidabordeaux.fr\\\/index.php\\\/reserver\\\/#breadcrumb\"},\"inLanguage\":\"fr-FR\",\"potentialAction\":[{\"@type\":\"ReadAction\",\"target\":[\"https:\\\/\\\/malavidabordeaux.fr\\\/index.php\\\/reserver\\\/\"]}]},{\"@type\":\"ImageObject\",\"inLanguage\":\"fr-FR\",\"@id\":\"https:\\\/\\\/malavidabordeaux.fr\\\/index.php\\\/reserver\\\/#primaryimage\",\"url\":\"https:\\\/\\\/malavidabordeaux.fr\\\/wp-content\\\/uploads\\\/2025\\\/10\\\/492976.jpg\",\"contentUrl\":\"https:\\\/\\\/malavidabordeaux.fr\\\/wp-content\\\/uploads\\\/2025\\\/10\\\/492976.jpg\",\"width\":1500,\"height\":750},{\"@type\":\"BreadcrumbList\",\"@id\":\"https:\\\/\\\/malavidabordeaux.fr\\\/index.php\\\/reserver\\\/#breadcrumb\",\"itemListElement\":[{\"@type\":\"ListItem\",\"position\":1,\"name\":\"Accueil\",\"item\":\"https:\\\/\\\/malavidabordeaux.fr\\\/\"},{\"@type\":\"ListItem\",\"position\":2,\"name\":\"R\u00e9server\"}]},{\"@type\":\"WebSite\",\"@id\":\"https:\\\/\\\/malavidabordeaux.fr\\\/#website\",\"url\":\"https:\\\/\\\/malavidabordeaux.fr\\\/\",\"name\":\"Malavida Cocina y Cocteles - Bordeaux\",\"description\":\"Mucho Amor\",\"publisher\":{\"@id\":\"https:\\\/\\\/malavidabordeaux.fr\\\/#organization\"},\"potentialAction\":[{\"@type\":\"SearchAction\",\"target\":{\"@type\":\"EntryPoint\",\"urlTemplate\":\"https:\\\/\\\/malavidabordeaux.fr\\\/?s={search_term_string}\"},\"query-input\":{\"@type\":\"PropertyValueSpecification\",\"valueRequired\":true,\"valueName\":\"search_term_string\"}}],\"inLanguage\":\"fr-FR\"},{\"@type\":\"Organization\",\"@id\":\"https:\\\/\\\/malavidabordeaux.fr\\\/#organization\",\"name\":\"Malavida Cocina y Cocteles - Bordeaux\",\"url\":\"https:\\\/\\\/malavidabordeaux.fr\\\/\",\"logo\":{\"@type\":\"ImageObject\",\"inLanguage\":\"fr-FR\",\"@id\":\"https:\\\/\\\/malavidabordeaux.fr\\\/#\\\/schema\\\/logo\\\/image\\\/\",\"url\":\"https:\\\/\\\/malavidabordeaux.fr\\\/wp-content\\\/uploads\\\/2020\\\/09\\\/LOGO-MALAVIDA-blanc-copie.png\",\"contentUrl\":\"https:\\\/\\\/malavidabordeaux.fr\\\/wp-content\\\/uploads\\\/2020\\\/09\\\/LOGO-MALAVIDA-blanc-copie.png\",\"width\":253,\"height\":100,\"caption\":\"Malavida Cocina y Cocteles - Bordeaux\"},\"image\":{\"@id\":\"https:\\\/\\\/malavidabordeaux.fr\\\/#\\\/schema\\\/logo\\\/image\\\/\"},\"sameAs\":[\"https:\\\/\\\/www.facebook.com\\\/malavidabordeaux\",\"https:\\\/\\\/www.instagram.com\\\/malavidabordeaux\\\/\"]}]}<\/script>\n<!-- \/ Yoast SEO plugin. -->","yoast_head_json":{"title":"R\u00e9server - Malavida Cocina y Cocteles - Bordeaux","robots":{"index":"index","follow":"follow","max-snippet":"max-snippet:-1","max-image-preview":"max-image-preview:large","max-video-preview":"max-video-preview:-1"},"canonical":"https:\/\/malavidabordeaux.fr\/index.php\/reserver\/","og_locale":"fr_FR","og_type":"article","og_title":"R\u00e9server - Malavida Cocina y Cocteles - Bordeaux","og_description":"Les r\u00e9servations en ligne sont ouvertes \u00e0 partir de 2 personnes et jusqu&rsquo;\u00e0 10 personnes, maximum 2 semaines \u00e0 l&rsquo;avance et minimum 24h avant le jour. HORAIRES : Du mardi au samedi. Le bar ouvre \u00e0 partir de 17h et... Continue reading","og_url":"https:\/\/malavidabordeaux.fr\/index.php\/reserver\/","og_site_name":"Malavida Cocina y Cocteles - Bordeaux","article_publisher":"https:\/\/www.facebook.com\/malavidabordeaux","article_modified_time":"2025-10-07T12:38:46+00:00","og_image":[{"url":"https:\/\/malavidabordeaux.fr\/wp-content\/uploads\/2025\/10\/492976-1024x512.jpg","type":"","width":"","height":""}],"twitter_card":"summary_large_image","twitter_misc":{"Dur\u00e9e de lecture estim\u00e9e":"1 minute"},"schema":{"@context":"https:\/\/schema.org","@graph":[{"@type":"WebPage","@id":"https:\/\/malavidabordeaux.fr\/index.php\/reserver\/","url":"https:\/\/malavidabordeaux.fr\/index.php\/reserver\/","name":"R\u00e9server - Malavida Cocina y Cocteles - Bordeaux","isPartOf":{"@id":"https:\/\/malavidabordeaux.fr\/#website"},"primaryImageOfPage":{"@id":"https:\/\/malavidabordeaux.fr\/index.php\/reserver\/#primaryimage"},"image":{"@id":"https:\/\/malavidabordeaux.fr\/index.php\/reserver\/#primaryimage"},"thumbnailUrl":"https:\/\/malavidabordeaux.fr\/wp-content\/uploads\/2025\/10\/492976-1024x512.jpg","datePublished":"2021-06-03T14:54:51+00:00","dateModified":"2025-10-07T12:38:46+00:00","breadcrumb":{"@id":"https:\/\/malavidabordeaux.fr\/index.php\/reserver\/#breadcrumb"},"inLanguage":"fr-FR","potentialAction":[{"@type":"ReadAction","target":["https:\/\/malavidabordeaux.fr\/index.php\/reserver\/"]}]},{"@type":"ImageObject","inLanguage":"fr-FR","@id":"https:\/\/malavidabordeaux.fr\/index.php\/reserver\/#primaryimage","url":"https:\/\/malavidabordeaux.fr\/wp-content\/uploads\/2025\/10\/492976.jpg","contentUrl":"https:\/\/malavidabordeaux.fr\/wp-content\/uploads\/2025\/10\/492976.jpg","width":1500,"height":750},{"@type":"BreadcrumbList","@id":"https:\/\/malavidabordeaux.fr\/index.php\/reserver\/#breadcrumb","itemListElement":[{"@type":"ListItem","position":1,"name":"Accueil","item":"https:\/\/malavidabordeaux.fr\/"},{"@type":"ListItem","position":2,"name":"R\u00e9server"}]},{"@type":"WebSite","@id":"https:\/\/malavidabordeaux.fr\/#website","url":"https:\/\/malavidabordeaux.fr\/","name":"Malavida Cocina y Cocteles - Bordeaux","description":"Mucho Amor","publisher":{"@id":"https:\/\/malavidabordeaux.fr\/#organization"},"potentialAction":[{"@type":"SearchAction","target":{"@type":"EntryPoint","urlTemplate":"https:\/\/malavidabordeaux.fr\/?s={search_term_string}"},"query-input":{"@type":"PropertyValueSpecification","valueRequired":true,"valueName":"search_term_string"}}],"inLanguage":"fr-FR"},{"@type":"Organization","@id":"https:\/\/malavidabordeaux.fr\/#organization","name":"Malavida Cocina y Cocteles - Bordeaux","url":"https:\/\/malavidabordeaux.fr\/","logo":{"@type":"ImageObject","inLanguage":"fr-FR","@id":"https:\/\/malavidabordeaux.fr\/#\/schema\/logo\/image\/","url":"https:\/\/malavidabordeaux.fr\/wp-content\/uploads\/2020\/09\/LOGO-MALAVIDA-blanc-copie.png","contentUrl":"https:\/\/malavidabordeaux.fr\/wp-content\/uploads\/2020\/09\/LOGO-MALAVIDA-blanc-copie.png","width":253,"height":100,"caption":"Malavida Cocina y Cocteles - Bordeaux"},"image":{"@id":"https:\/\/malavidabordeaux.fr\/#\/schema\/logo\/image\/"},"sameAs":["https:\/\/www.facebook.com\/malavidabordeaux","https:\/\/www.instagram.com\/malavidabordeaux\/"]}]}},"_links":{"self":[{"href":"https:\/\/malavidabordeaux.fr\/index.php\/wp-json\/wp\/v2\/pages\/207","targetHints":{"allow":["GET"]}}],"collection":[{"href":"https:\/\/malavidabordeaux.fr\/index.php\/wp-json\/wp\/v2\/pages"}],"about":[{"href":"https:\/\/malavidabordeaux.fr\/index.php\/wp-json\/wp\/v2\/types\/page"}],"author":[{"embeddable":true,"href":"https:\/\/malavidabordeaux.fr\/index.php\/wp-json\/wp\/v2\/users\/1"}],"replies":[{"embeddable":true,"href":"https:\/\/malavidabordeaux.fr\/index.php\/wp-json\/wp\/v2\/comments?post=207"}],"version-history":[{"count":18,"href":"https:\/\/malavidabordeaux.fr\/index.php\/wp-json\/wp\/v2\/pages\/207\/revisions"}],"predecessor-version":[{"id":4724,"href":"https:\/\/malavidabordeaux.fr\/index.php\/wp-json\/wp\/v2\/pages\/207\/revisions\/4724"}],"wp:attachment":[{"href":"https:\/\/malavidabordeaux.fr\/index.php\/wp-json\/wp\/v2\/media?parent=207"}],"curies":[{"name":"wp","href":"https:\/\/api.w.org\/{rel}","templated":true}]}}